{"id":20,"date":"2023-09-13T16:27:33","date_gmt":"2023-09-13T14:27:33","guid":{"rendered":"https:\/\/cloudkoala.fr\/?page_id=20"},"modified":"2023-09-19T14:22:56","modified_gmt":"2023-09-19T12:22:56","slug":"accueil","status":"publish","type":"page","link":"https:\/\/cloudkoala.fr\/","title":{"rendered":"Accueil"},"content":{"rendered":"\n<div class=\"wp-block-cover alignfull is-light\" style=\"min-height:700px;aspect-ratio:unset;\"><span aria-hidden=\"true\" class=\"wp-block-cover__background has-background-dim-0 has-background-dim\"><\/span><img loading=\"lazy\" decoding=\"async\" width=\"1920\" height=\"1080\" class=\"wp-block-cover__image-background wp-image-177\" alt=\"\" src=\"https:\/\/cloudkoala.fr\/wp-content\/uploads\/2023\/09\/SLIDE-WP.jpg\" data-object-fit=\"cover\" srcset=\"https:\/\/cloudkoala.fr\/wp-content\/uploads\/2023\/09\/SLIDE-WP.jpg 1920w, https:\/\/cloudkoala.fr\/wp-content\/uploads\/2023\/09\/SLIDE-WP-300x169.jpg 300w, https:\/\/cloudkoala.fr\/wp-content\/uploads\/2023\/09\/SLIDE-WP-1024x576.jpg 1024w, https:\/\/cloudkoala.fr\/wp-content\/uploads\/2023\/09\/SLIDE-WP-768x432.jpg 768w, https:\/\/cloudkoala.fr\/wp-content\/uploads\/2023\/09\/SLIDE-WP-1536x864.jpg 1536w\" sizes=\"auto, (max-width: 1920px) 100vw, 1920px\" \/><div class=\"wp-block-cover__inner-container is-layout-flow wp-block-cover-is-layout-flow\">\n<p><\/p>\n\n\n\n<div style=\"height:80px\" aria-hidden=\"true\" class=\"wp-block-spacer\"><\/div>\n\n\n\n<div style=\"height:274px\" aria-hidden=\"true\" class=\"wp-block-spacer\"><\/div>\n\n\n\n<div class=\"wp-block-buttons is-content-justification-center is-layout-flex wp-container-core-buttons-is-layout-e1485a7b wp-block-buttons-is-layout-flex\">\n<div class=\"wp-block-button has-custom-width wp-block-button__width-50 is-style-secondary\"><a class=\"wp-block-button__link has-custom-2-background-color has-text-color has-background has-text-align-center wp-element-button\" href=\"https:\/\/cloudkoala.fr\/index.php\/abonnements\/\" style=\"border-radius:69px;color:#ffb247\">Je d\u00e9cide de gagner du temps<\/a><\/div>\n<\/div>\n<\/div><\/div>\n\n\n\n<hr class=\"wp-block-separator alignfull has-alpha-channel-opacity\"\/>\n\n\n\n<!DOCTYPE html>\n<html lang=\"fr\">\n<head>\n    <meta charset=\"UTF-8\">\n    <meta name=\"viewport\" content=\"width=device-width, initial-scale=1.0\">\n    <title>Banni\u00e8re d\u00e9filante<\/title>\n    <style>\n        .texte-defilant {\n            color: #00D4A6;\n        }\n    <\/style>\n<\/head>\n<body>\n\n<marquee behavior=\"scroll\" direction=\"left\" loop=\"infinite\" class=\"texte-defilant\">\n    Le temps est pr\u00e9cieux, \u00e9conomisez-le &nbsp;&nbsp;&nbsp; Le temps est pr\u00e9cieux, \u00e9conomisez-le &nbsp;&nbsp;&nbsp; Le temps est pr\u00e9cieux, \u00e9conomisez-le &nbsp;&nbsp;&nbsp; Le temps est pr\u00e9cieux, \u00e9conomisez-le &nbsp;&nbsp;&nbsp; Le temps est pr\u00e9cieux, \u00e9conomisez-le &nbsp;&nbsp;&nbsp; Le temps est pr\u00e9cieux, \u00e9conomisez-le &nbsp;&nbsp;&nbsp; Le temps est pr\u00e9cieux, \u00e9conomisez-le &nbsp;&nbsp;&nbsp; Le temps est pr\u00e9cieux, \u00e9conomisez-le &nbsp;&nbsp;&nbsp; Le nom de domaine de &#8220;Cloud Koala&#8221; est \u00e0 vendre, Margaux profites-en ! &nbsp;&nbsp;&nbsp;\n<\/marquee>\n\n<\/body>\n<\/html>\n\n\n\n<hr class=\"wp-block-separator alignfull has-alpha-channel-opacity\"\/>\n\n\n\n<div class=\"wp-block-columns is-layout-flex wp-container-core-columns-is-layout-9d6595d7 wp-block-columns-is-layout-flex\">\n<div class=\"wp-block-column is-layout-flow wp-block-column-is-layout-flow\"><div class=\"wp-block-image icon-style is-style-default\">\n<figure class=\"aligncenter is-resized\"><img loading=\"lazy\" decoding=\"async\" src=\"https:\/\/cloudkoala.fr\/wp-content\/themes\/neve\/assets\/img\/starter-content\/icon-03.svg\" alt=\"\" style=\"width:48px;height:48px\" width=\"48\" height=\"48\"\/><\/figure>\n<\/div>\n\n\n<div style=\"height:20px\" aria-hidden=\"true\" class=\"wp-block-spacer\"><\/div>\n\n\n\n<h3 class=\"wp-block-heading has-text-align-center has-neve-link-hover-color-color has-text-color\">Experience<\/h3>\n\n\n\n<div class=\"wp-block-columns is-layout-flex wp-container-core-columns-is-layout-9d6595d7 wp-block-columns-is-layout-flex\">\n<div class=\"wp-block-column is-layout-flow wp-block-column-is-layout-flow\" style=\"flex-basis:100%\">\n<p class=\"has-text-align-center\">Chez Cloud Koala nos \u00e9quipes de consultants sont compos\u00e9es des meilleurs experts de leur g\u00e9n\u00e9ration.  Leur grande exp\u00e9rience leur permet d&#8217;avoir le recul n\u00e9cessaire pour s&#8217;adapter \u00e0 toute situation et trouver les meilleurs solutions.<\/p>\n<\/div>\n<\/div>\n\n\n\n<div style=\"height:20px\" aria-hidden=\"true\" class=\"wp-block-spacer\"><\/div>\n<\/div>\n\n\n\n<div class=\"wp-block-column is-layout-flow wp-block-column-is-layout-flow\"><div class=\"wp-block-image icon-style is-style-default\">\n<figure class=\"aligncenter is-resized\"><img decoding=\"async\" src=\"https:\/\/cloudkoala.fr\/wp-content\/themes\/neve\/assets\/img\/starter-content\/icon-02.svg\" alt=\"\" style=\"width:48px\" width=\"48\"\/><\/figure>\n<\/div>\n\n\n<div style=\"height:20px\" aria-hidden=\"true\" class=\"wp-block-spacer\"><\/div>\n\n\n\n<h3 class=\"wp-block-heading has-text-align-center has-neve-link-hover-color-color has-text-color\">Excellence<\/h3>\n\n\n\n<div class=\"wp-block-columns is-layout-flex wp-container-core-columns-is-layout-9d6595d7 wp-block-columns-is-layout-flex\">\n<div class=\"wp-block-column is-vertically-aligned-center is-layout-flow wp-block-column-is-layout-flow\" style=\"flex-basis:100%\">\n<p class=\"has-text-align-center\" style=\"text-transform:none\">Nous accordons aucune place \u00e0 l&#8217;\u00e9chec : ce n&#8217;est pas seulement un objectif mais un but pr\u00e9cis, calcul\u00e9 et n\u00e9cessaire dans notre m\u00e9tier. <\/p>\n<\/div>\n<\/div>\n\n\n\n<div style=\"height:20px\" aria-hidden=\"true\" class=\"wp-block-spacer\"><\/div>\n<\/div>\n\n\n\n<div class=\"wp-block-column is-layout-flow wp-block-column-is-layout-flow\"><div class=\"wp-block-image icon-style is-style-rounded\">\n<figure class=\"aligncenter is-resized\"><img loading=\"lazy\" decoding=\"async\" src=\"https:\/\/cloudkoala.fr\/wp-content\/themes\/neve\/assets\/img\/starter-content\/icon-01.svg\" alt=\"\" style=\"width:48px;height:48px\" width=\"48\" height=\"48\"\/><\/figure>\n<\/div>\n\n\n<div style=\"height:20px\" aria-hidden=\"true\" class=\"wp-block-spacer\"><\/div>\n\n\n\n<h3 class=\"wp-block-heading has-text-align-center has-neve-link-hover-color-color has-text-color\">Efficacit\u00e9<\/h3>\n\n\n\n<p class=\"has-text-align-center\">Votre temps est pr\u00e9cieux, le notre aussi. C&#8217;est pourquoi notre m\u00e9thode de travail est bas\u00e9 sur notre politique OBHEP<br>(the only break we have is<br>at the end of the project)<\/p>\n\n\n\n<div style=\"height:20px\" aria-hidden=\"true\" class=\"wp-block-spacer\"><\/div>\n<\/div>\n<\/div>\n\n\n\n<div style=\"height:40px\" aria-hidden=\"true\" class=\"wp-block-spacer\"><\/div>\n\n\n\n<div class=\"wp-block-cover alignfull has-black-color has-text-color\" style=\"margin-top:0;padding-top:48px;padding-right:48px;padding-bottom:48px;padding-left:48px;min-height:66px;aspect-ratio:unset;\"><span aria-hidden=\"true\" class=\"wp-block-cover__background has-background-dim-100 has-background-dim\" style=\"background-color:#0048ff\"><\/span><div class=\"wp-block-cover__inner-container is-layout-flow wp-block-cover-is-layout-flow\">\n<div class=\"wp-block-group\"><div class=\"wp-block-group__inner-container is-layout-constrained wp-container-core-group-is-layout-4b07d187 wp-block-group-is-layout-constrained\">\n<p class=\"has-text-align-center has-nv-site-bg-color has-text-color\" style=\"font-size:75px;font-style:normal;font-weight:700;letter-spacing:-1px;line-height:0.9;text-transform:uppercase\"><mark style=\"background-color:rgba(0, 0, 0, 0);color:#a65a00\" class=\"has-inline-color\">\u2734\ufe0e<\/mark><\/p>\n\n\n\n<p class=\"has-text-align-center has-nv-site-bg-color has-text-color\" style=\"font-size:46px;font-style:normal;font-weight:700;letter-spacing:-1px;line-height:0.9;text-transform:uppercase\"> l&#8217;automatisation <br>qu&#8217;est ce que c&#8217;est ?<br><\/p>\n\n\n\n<div class=\"wp-block-buttons is-content-justification-center is-layout-flex wp-container-core-buttons-is-layout-16018d1d wp-block-buttons-is-layout-flex\">\n<div class=\"wp-block-button has-custom-font-size is-style-default\" style=\"font-size:38px\"><a class=\"wp-block-button__link has-nv-site-bg-background-color has-text-color has-background wp-element-button\" style=\"border-radius:38px;color:#0048ff\">D\u00e9couvrir<\/a><\/div>\n<\/div>\n<\/div><\/div>\n<\/div><\/div>\n\n\n\n<div class=\"wp-block-cover alignfull\" style=\"min-height:300px;aspect-ratio:unset;\"><span aria-hidden=\"true\" class=\"wp-block-cover__background has-nv-dark-bg-background-color has-background-dim-100 has-background-dim\"><\/span><div class=\"wp-block-cover__inner-container is-layout-flow wp-block-cover-is-layout-flow\">\n<h2 class=\"wp-block-heading has-text-align-center has-nv-text-dark-bg-color has-text-color\">Travaillons ensemble<\/h2>\n\n\n\n<p class=\"has-text-align-center has-medium-font-size\">Gagner en performances avec Cloud Koala<\/p>\n\n\n\n<div class=\"wp-block-buttons is-content-justification-center is-layout-flex wp-container-core-buttons-is-layout-16018d1d wp-block-buttons-is-layout-flex\">\n<div class=\"wp-block-button is-style-primary\"><a class=\"wp-block-button__link has-nv-site-bg-color has-text-color has-background wp-element-button\" href=\"https:\/\/cloudkoala.fr\/index.php\/abonnements\/\" style=\"background-color:#2000ff\">Rejoindre l&#8217;avenir<\/a><\/div>\n<\/div>\n<\/div><\/div>\n\n\n","protected":false},"excerpt":{"rendered":"<p>Banni\u00e8re d\u00e9filante Le temps est pr\u00e9cieux, \u00e9conomisez-le &nbsp;&nbsp;&nbsp; Le temps est pr\u00e9cieux, \u00e9conomisez-le &nbsp;&nbsp;&nbsp; Le temps est pr\u00e9cieux, \u00e9conomisez-le &nbsp;&nbsp;&nbsp; Le temps est pr\u00e9cieux, \u00e9conomisez-le &nbsp;&nbsp;&nbsp; Le temps est pr\u00e9cieux, \u00e9conomisez-le &nbsp;&nbsp;&nbsp; Le temps est pr\u00e9cieux, \u00e9conomisez-le &nbsp;&nbsp;&nbsp; Le temps est pr\u00e9cieux, \u00e9conomisez-le &nbsp;&nbsp;&nbsp; Le temps est pr\u00e9cieux, \u00e9conomisez-le &nbsp;&nbsp;&nbsp; Le nom de domaine de&hellip;&nbsp;<a href=\"https:\/\/cloudkoala.fr\/\" class=\"\" rel=\"bookmark\">Read More &raquo;<span class=\"screen-reader-text\">Accueil<\/span><\/a><\/p>\n","protected":false},"author":1,"featured_media":0,"parent":0,"menu_order":0,"comment_status":"closed","ping_status":"closed","template":"","meta":{"neve_meta_sidebar":"full-width","neve_meta_container":"full-width","neve_meta_enable_content_width":"on","neve_meta_content_width":97,"neve_meta_title_alignment":"center","neve_meta_author_avatar":"","neve_post_elements_order":"","neve_meta_disable_header":"off","neve_meta_disable_footer":"","neve_meta_disable_title":"on","footnotes":""},"class_list":["post-20","page","type-page","status-publish","hentry"],"_links":{"self":[{"href":"https:\/\/cloudkoala.fr\/index.php\/wp-json\/wp\/v2\/pages\/20","targetHints":{"allow":["GET"]}}],"collection":[{"href":"https:\/\/cloudkoala.fr\/index.php\/wp-json\/wp\/v2\/pages"}],"about":[{"href":"https:\/\/cloudkoala.fr\/index.php\/wp-json\/wp\/v2\/types\/page"}],"author":[{"embeddable":true,"href":"https:\/\/cloudkoala.fr\/index.php\/wp-json\/wp\/v2\/users\/1"}],"replies":[{"embeddable":true,"href":"https:\/\/cloudkoala.fr\/index.php\/wp-json\/wp\/v2\/comments?post=20"}],"version-history":[{"count":24,"href":"https:\/\/cloudkoala.fr\/index.php\/wp-json\/wp\/v2\/pages\/20\/revisions"}],"predecessor-version":[{"id":267,"href":"https:\/\/cloudkoala.fr\/index.php\/wp-json\/wp\/v2\/pages\/20\/revisions\/267"}],"wp:attachment":[{"href":"https:\/\/cloudkoala.fr\/index.php\/wp-json\/wp\/v2\/media?parent=20"}],"curies":[{"name":"wp","href":"https:\/\/api.w.org\/{rel}","templated":true}]}}